{"id":5397,"date":"2025-05-05T09:42:05","date_gmt":"2025-05-05T09:42:05","guid":{"rendered":"https:\/\/www.polluxspace.pt\/wp\/?page_id=5397"},"modified":"2025-07-05T18:37:38","modified_gmt":"2025-07-05T18:37:38","slug":"genspace-25-26_pt","status":"publish","type":"page","link":"https:\/\/www.polluxspace.pt\/wp\/genspace-25-26_pt\/","title":{"rendered":"GenSpace &#8211; 25\/26 PT"},"content":{"rendered":"\t\t<div data-elementor-type=\"wp-page\" data-elementor-id=\"5397\" class=\"elementor elementor-5397\">\n\t\t\t\t\t\t<section class=\"elementor-section elementor-top-section elementor-element elementor-element-ef87e64 elementor-section-full_width elementor-section-stretched elementor-section-height-default elementor-section-height-default\" data-id=\"ef87e64\" data-element_type=\"section\" data-settings=\"{&quot;stretch_section&quot;:&quot;section-stretched&quot;}\">\n\t\t\t\t\t\t<div class=\"elementor-container elementor-column-gap-no\">\n\t\t\t\t\t<div class=\"elementor-column elementor-col-50 elementor-top-column elementor-element elementor-element-3c0759a\" data-id=\"3c0759a\" data-element_type=\"column\" data-settings=\"{&quot;background_background&quot;:&quot;classic&quot;}\">\n\t\t\t<div class=\"elementor-widget-wrap elementor-element-populated\">\n\t\t\t\t\t\t<div class=\"elementor-element elementor-element-b406725 elementor-widget elementor-widget-spacer\" data-id=\"b406725\" data-element_type=\"widget\" data-widget_type=\"spacer.default\">\n\t\t\t\t<div class=\"elementor-widget-container\">\n\t\t\t\t\t\t\t<div class=\"elementor-spacer\">\n\t\t\t<div class=\"elementor-spacer-inner\"><\/div>\n\t\t<\/div>\n\t\t\t\t\t\t<\/div>\n\t\t\t\t<\/div>\n\t\t\t\t<div class=\"elementor-element elementor-element-9157ed7 elementor-widget elementor-widget-heading\" data-id=\"9157ed7\" data-element_type=\"widget\" data-widget_type=\"heading.default\">\n\t\t\t\t<div class=\"elementor-widget-container\">\n\t\t\t\t\t<div class=\"elementor-heading-title elementor-size-large\">EM BREVE!<\/div>\t\t\t\t<\/div>\n\t\t\t\t<\/div>\n\t\t\t\t<div class=\"elementor-element elementor-element-3170169 elementor-widget elementor-widget-heading\" data-id=\"3170169\" data-element_type=\"widget\" data-widget_type=\"heading.default\">\n\t\t\t\t<div class=\"elementor-widget-container\">\n\t\t\t\t\t<div class=\"elementor-heading-title elementor-size-large\">GENSPACE 2025<\/div>\t\t\t\t<\/div>\n\t\t\t\t<\/div>\n\t\t\t\t<div class=\"elementor-element elementor-element-05028b7 elementor-widget elementor-widget-spacer\" data-id=\"05028b7\" data-element_type=\"widget\" data-widget_type=\"spacer.default\">\n\t\t\t\t<div class=\"elementor-widget-container\">\n\t\t\t\t\t\t\t<div class=\"elementor-spacer\">\n\t\t\t<div class=\"elementor-spacer-inner\"><\/div>\n\t\t<\/div>\n\t\t\t\t\t\t<\/div>\n\t\t\t\t<\/div>\n\t\t\t\t<div class=\"elementor-element elementor-element-4aeed05 elementor-widget elementor-widget-heading\" data-id=\"4aeed05\" data-element_type=\"widget\" data-widget_type=\"heading.default\">\n\t\t\t\t<div class=\"elementor-widget-container\">\n\t\t\t\t\t<div class=\"elementor-heading-title elementor-size-large\">Prepara-te para o emocionante <b>regresso do GenSpace<\/b>, uma experi\u00eancia de aprendizagem completa com momentos de <b>discuss\u00e3o<\/b>, <b>apresenta\u00e7\u00f5es<\/b>, <b>networking<\/b> e <b>desafios<\/b>!<\/div>\t\t\t\t<\/div>\n\t\t\t\t<\/div>\n\t\t\t\t<div class=\"elementor-element elementor-element-cfc6c03 elementor-widget elementor-widget-heading\" data-id=\"cfc6c03\" data-element_type=\"widget\" data-widget_type=\"heading.default\">\n\t\t\t\t<div class=\"elementor-widget-container\">\n\t\t\t\t\t<div class=\"elementor-heading-title elementor-size-large\"><span style=\"font-family: Montserrat\">Estamos a trabalhar arduamente para te trazer um programa envolvente, repleto de ideias e discuss\u00f5es sobre as maravilhas do universo.<\/span><\/div>\t\t\t\t<\/div>\n\t\t\t\t<\/div>\n\t\t\t\t<div class=\"elementor-element elementor-element-7497943 elementor-widget elementor-widget-heading\" data-id=\"7497943\" data-element_type=\"widget\" data-widget_type=\"heading.default\">\n\t\t\t\t<div class=\"elementor-widget-container\">\n\t\t\t\t\t<div class=\"elementor-heading-title elementor-size-large\">Fica atento \u00e0s novidades!<\/div>\t\t\t\t<\/div>\n\t\t\t\t<\/div>\n\t\t\t\t<section class=\"elementor-section elementor-inner-section elementor-element elementor-element-5e4cfc5 elementor-section-boxed elementor-section-height-default elementor-section-height-default\" data-id=\"5e4cfc5\" data-element_type=\"section\">\n\t\t\t\t\t\t<div class=\"elementor-container elementor-column-gap-default\">\n\t\t\t\t\t<div class=\"elementor-column elementor-col-50 elementor-inner-column elementor-element elementor-element-0350f40\" data-id=\"0350f40\" data-element_type=\"column\">\n\t\t\t<div class=\"elementor-widget-wrap\">\n\t\t\t\t\t\t\t<\/div>\n\t\t<\/div>\n\t\t\t\t<div class=\"elementor-column elementor-col-50 elementor-inner-column elementor-element elementor-element-76c27c1\" data-id=\"76c27c1\" data-element_type=\"column\">\n\t\t\t<div class=\"elementor-widget-wrap elementor-element-populated\">\n\t\t\t\t\t\t<div class=\"elementor-element elementor-element-6dffc8c elementor-widget elementor-widget-heading\" data-id=\"6dffc8c\" data-element_type=\"widget\" data-widget_type=\"heading.default\">\n\t\t\t\t<div class=\"elementor-widget-container\">\n\t\t\t\t\t<div class=\"elementor-heading-title elementor-size-large\">EM PARCERIA COM<\/div>\t\t\t\t<\/div>\n\t\t\t\t<\/div>\n\t\t\t\t<div class=\"elementor-element elementor-element-2691907 elementor-widget elementor-widget-image\" data-id=\"2691907\" data-element_type=\"widget\" data-widget_type=\"image.default\">\n\t\t\t\t<div class=\"elementor-widget-container\">\n\t\t\t\t\t\t\t\t\t\t\t\t\t\t\t<img decoding=\"async\" src=\"https:\/\/www.polluxspace.pt\/wp\/wp-content\/uploads\/elementor\/thumbs\/cm-r7edlnjuqngecci1yy9gh77mz9annomxs05lvgzldo.png\" title=\"cm\" alt=\"cm\" loading=\"lazy\" \/>\t\t\t\t\t\t\t\t\t\t\t\t\t\t\t<\/div>\n\t\t\t\t<\/div>\n\t\t\t\t<div class=\"elementor-element elementor-element-dab3f52 elementor-widget elementor-widget-spacer\" data-id=\"dab3f52\" data-element_type=\"widget\" data-widget_type=\"spacer.default\">\n\t\t\t\t<div class=\"elementor-widget-container\">\n\t\t\t\t\t\t\t<div class=\"elementor-spacer\">\n\t\t\t<div class=\"elementor-spacer-inner\"><\/div>\n\t\t<\/div>\n\t\t\t\t\t\t<\/div>\n\t\t\t\t<\/div>\n\t\t\t\t\t<\/div>\n\t\t<\/div>\n\t\t\t\t\t<\/div>\n\t\t<\/section>\n\t\t\t\t<div class=\"elementor-element elementor-element-5100099 elementor-hidden-desktop elementor-hidden-tablet elementor-widget elementor-widget-spacer\" data-id=\"5100099\" data-element_type=\"widget\" data-widget_type=\"spacer.default\">\n\t\t\t\t<div class=\"elementor-widget-container\">\n\t\t\t\t\t\t\t<div class=\"elementor-spacer\">\n\t\t\t<div class=\"elementor-spacer-inner\"><\/div>\n\t\t<\/div>\n\t\t\t\t\t\t<\/div>\n\t\t\t\t<\/div>\n\t\t\t\t\t<\/div>\n\t\t<\/div>\n\t\t\t\t<div class=\"elementor-column elementor-col-50 elementor-top-column elementor-element elementor-element-c534342\" data-id=\"c534342\" data-element_type=\"column\" data-settings=\"{&quot;background_background&quot;:&quot;classic&quot;}\">\n\t\t\t<div class=\"elementor-widget-wrap elementor-element-populated\">\n\t\t\t\t\t\t<div class=\"elementor-element elementor-element-4e8c20e elementor-widget elementor-widget-image\" data-id=\"4e8c20e\" data-element_type=\"widget\" data-widget_type=\"image.default\">\n\t\t\t\t<div class=\"elementor-widget-container\">\n\t\t\t\t\t\t\t\t\t\t\t\t\t\t\t<img fetchpriority=\"high\" decoding=\"async\" width=\"500\" height=\"500\" src=\"https:\/\/www.polluxspace.pt\/wp\/wp-content\/uploads\/2025\/04\/Logo-negativo.png\" class=\"attachment-large size-large wp-image-5092\" alt=\"\" srcset=\"https:\/\/www.polluxspace.pt\/wp\/wp-content\/uploads\/2025\/04\/Logo-negativo.png 500w, https:\/\/www.polluxspace.pt\/wp\/wp-content\/uploads\/2025\/04\/Logo-negativo-300x300.png 300w, https:\/\/www.polluxspace.pt\/wp\/wp-content\/uploads\/2025\/04\/Logo-negativo-150x150.png 150w, https:\/\/www.polluxspace.pt\/wp\/wp-content\/uploads\/2025\/04\/Logo-negativo-100x100.png 100w, https:\/\/www.polluxspace.pt\/wp\/wp-content\/uploads\/2025\/04\/Logo-negativo-24x24.png 24w, https:\/\/www.polluxspace.pt\/wp\/wp-content\/uploads\/2025\/04\/Logo-negativo-36x36.png 36w, https:\/\/www.polluxspace.pt\/wp\/wp-content\/uploads\/2025\/04\/Logo-negativo-48x48.png 48w\" sizes=\"100vw\" \/>\t\t\t\t\t\t\t\t\t\t\t\t\t\t\t<\/div>\n\t\t\t\t<\/div>\n\t\t\t\t\t<\/div>\n\t\t<\/div>\n\t\t\t\t\t<\/div>\n\t\t<\/section>\n\t\t\t\t<\/div>\n\t\t","protected":false},"excerpt":{"rendered":"<p>EM BREVE! GENSPACE 2025 Prepara-te para o emocionante regresso do GenSpace, uma experi\u00eancia de aprendizagem completa com momentos de discuss\u00e3o, apresenta\u00e7\u00f5es, networking e desafios! Estamos a trabalhar arduamente para te trazer um programa envolvente, repleto de ideias e discuss\u00f5es sobre as maravilhas do universo. Fica atento \u00e0s novidades! EM PARCERIA COM<\/p>\n","protected":false},"author":1,"featured_media":0,"parent":0,"menu_order":0,"comment_status":"closed","ping_status":"closed","template":"","meta":{"footnotes":""},"class_list":["post-5397","page","type-page","status-publish","hentry"],"_links":{"self":[{"href":"https:\/\/www.polluxspace.pt\/wp\/wp-json\/wp\/v2\/pages\/5397","targetHints":{"allow":["GET"]}}],"collection":[{"href":"https:\/\/www.polluxspace.pt\/wp\/wp-json\/wp\/v2\/pages"}],"about":[{"href":"https:\/\/www.polluxspace.pt\/wp\/wp-json\/wp\/v2\/types\/page"}],"author":[{"embeddable":true,"href":"https:\/\/www.polluxspace.pt\/wp\/wp-json\/wp\/v2\/users\/1"}],"replies":[{"embeddable":true,"href":"https:\/\/www.polluxspace.pt\/wp\/wp-json\/wp\/v2\/comments?post=5397"}],"version-history":[{"count":42,"href":"https:\/\/www.polluxspace.pt\/wp\/wp-json\/wp\/v2\/pages\/5397\/revisions"}],"predecessor-version":[{"id":6063,"href":"https:\/\/www.polluxspace.pt\/wp\/wp-json\/wp\/v2\/pages\/5397\/revisions\/6063"}],"wp:attachment":[{"href":"https:\/\/www.polluxspace.pt\/wp\/wp-json\/wp\/v2\/media?parent=5397"}],"curies":[{"name":"wp","href":"https:\/\/api.w.org\/{rel}","templated":true}]}}